{"id":141,"date":"2026-02-16T10:07:15","date_gmt":"2026-02-16T10:07:15","guid":{"rendered":"https:\/\/lostinfantasy.fr\/?page_id=141"},"modified":"2026-02-27T15:29:01","modified_gmt":"2026-02-27T15:29:01","slug":"laventure-commence","status":"publish","type":"page","link":"https:\/\/lostinfantasy.fr\/","title":{"rendered":"L&rsquo;AVENTURE COMMENCE"},"content":{"rendered":"\n<div class=\"wp-block-columns is-layout-flex wp-container-core-columns-is-layout-28f84493 wp-block-columns-is-layout-flex\">\n<div class=\"wp-block-column is-layout-flow wp-block-column-is-layout-flow\" style=\"flex-basis:100%\">\n<div class=\"wp-block-buttons is-layout-flex wp-container-core-buttons-is-layout-94f8b994 wp-block-buttons-is-layout-flex\">\n<div class=\"wp-block-button\"><a class=\"wp-block-button__link has-krona-one-font-family has-x-small-font-size has-custom-font-size wp-element-button\" href=\"https:\/\/lostinfantasy.fr\/index.php\/2026\/02\/16\/derniers-episodes-publies\/\">Derniers \u00e9pisodes publi\u00e9s<\/a><\/div>\n\n\n\n<div class=\"wp-block-button\"><a class=\"wp-block-button__link has-text-color has-link-color has-krona-one-font-family has-x-small-font-size has-custom-font-size wp-element-button\" href=\"https:\/\/lostinfantasy.fr\/index.php\/lecture-des-episodes\/\" style=\"color:#b9c1fb\">Lire depuis le d\u00e9but<\/a><\/div>\n<\/div>\n<\/div>\n<\/div>\n\n\n\n<figure class=\"wp-block-image size-large\"><img loading=\"lazy\" decoding=\"async\" width=\"768\" height=\"1024\" src=\"https:\/\/lostinfantasy.fr\/wp-content\/uploads\/2026\/02\/COVER-LOSTINFANTASY-1-768x1024.jpg\" alt=\"\" class=\"wp-image-13\" srcset=\"https:\/\/lostinfantasy.fr\/wp-content\/uploads\/2026\/02\/COVER-LOSTINFANTASY-1-768x1024.jpg 768w, https:\/\/lostinfantasy.fr\/wp-content\/uploads\/2026\/02\/COVER-LOSTINFANTASY-1-225x300.jpg 225w, https:\/\/lostinfantasy.fr\/wp-content\/uploads\/2026\/02\/COVER-LOSTINFANTASY-1.jpg 810w\" sizes=\"auto, (max-width: 768px) 100vw, 768px\" \/><\/figure>\n\n\n\n<h2 class=\"wp-block-heading has-zen-dots-font-family\">TOME 1 : LE SYNDROME DU GOBELIN<\/h2>\n\n\n\n<p>Sous la supervision d\u2019Alfy, IA enthousiaste et autoritaire, le clone Eron doit explorer Embarim, plan\u00e8te abritant un monde de fantasy. Leur road trip scientifique les am\u00e8ne \u00e0 croiser des elfes effroyables, un\u00b7e dragon\u00b7ne franchement cru\u00b7e, M\u00eflma l\u2019\u00e9rudite d\u00e9sillusionn\u00e9e, ou encore des gobelins qui, malgr\u00e9 leur apparente insignifiance, finiront par occuper une place inattendue dans le c\u0153ur d\u2019Eron.<\/p>\n\n\n\n<p><em>Lost in Fantasy<\/em> est un webnovel publi\u00e9 par \u00e9pisodes deux fois par semaine.<\/p>\n\n\n\n<div class=\"wp-block-buttons is-layout-flex wp-block-buttons-is-layout-flex\">\n<div class=\"wp-block-button\"><a class=\"wp-block-button__link has-zen-dots-font-family wp-element-button\" href=\"https:\/\/lostinfantasy.fr\/index.php\/trigger-warning\/\">TRIGGER WARNING<\/a><\/div>\n<\/div>\n\n\n\n<p>Suivez-nous sur&nbsp;<a href=\"https:\/\/www.facebook.com\/profile.php?id=61586494456592\">Facebook<\/a>&nbsp;et&nbsp;<a href=\"https:\/\/www.instagram.com\/lostinfantasy_official\/\">Instagram<\/a>. Rejoignez-nous sur&nbsp;<a href=\"https:\/\/discord.gg\/SBV8mcrDRz\">Discord<\/a>&nbsp;pour discuter des \u00e9pisodes. Et si vous le souhaitez, vous pouvez aussi nous lire sur la plateforme&nbsp;<a href=\"https:\/\/www.wattpad.com\/story\/406993938-lost-in-fantasy-le-syndrome-du-gobelin\">Wattpad<\/a>.<\/p>\n\n\n\n<figure class=\"wp-block-image size-large\"><img loading=\"lazy\" decoding=\"async\" width=\"1024\" height=\"80\" src=\"https:\/\/lostinfantasy.fr\/wp-content\/uploads\/2026\/02\/Separateur-horiz-7-1024x80.jpg\" alt=\"\" class=\"wp-image-22\" srcset=\"https:\/\/lostinfantasy.fr\/wp-content\/uploads\/2026\/02\/Separateur-horiz-7-1024x80.jpg 1024w, https:\/\/lostinfantasy.fr\/wp-content\/uploads\/2026\/02\/Separateur-horiz-7-300x23.jpg 300w, https:\/\/lostinfantasy.fr\/wp-content\/uploads\/2026\/02\/Separateur-horiz-7-768x60.jpg 768w, https:\/\/lostinfantasy.fr\/wp-content\/uploads\/2026\/02\/Separateur-horiz-7-1536x120.jpg 1536w, https:\/\/lostinfantasy.fr\/wp-content\/uploads\/2026\/02\/Separateur-horiz-7.jpg 1920w\" sizes=\"auto, (max-width: 1024px) 100vw, 1024px\" \/><\/figure>\n\n\n\n<p><\/p>\n","protected":false},"excerpt":{"rendered":"<p>TOME 1 : LE SYNDROME DU GOBELIN Sous la supervision d\u2019Alfy, IA enthousiaste et autoritaire, le clone Eron doit explorer Embarim, plan\u00e8te abritant un monde de fantasy. Leur road trip scientifique les am\u00e8ne \u00e0 croiser des elfes effroyables, un\u00b7e dragon\u00b7ne franchement cru\u00b7e, M\u00eflma l\u2019\u00e9rudite d\u00e9sillusionn\u00e9e, ou encore des gobelins qui, malgr\u00e9 leur apparente insignifiance, finiront [&hellip;]<\/p>\n","protected":false},"author":3,"featured_media":0,"parent":0,"menu_order":0,"comment_status":"closed","ping_status":"closed","template":"","meta":{"footnotes":""},"class_list":["post-141","page","type-page","status-publish","hentry"],"jetpack_sharing_enabled":true,"_links":{"self":[{"href":"https:\/\/lostinfantasy.fr\/index.php\/wp-json\/wp\/v2\/pages\/141","targetHints":{"allow":["GET"]}}],"collection":[{"href":"https:\/\/lostinfantasy.fr\/index.php\/wp-json\/wp\/v2\/pages"}],"about":[{"href":"https:\/\/lostinfantasy.fr\/index.php\/wp-json\/wp\/v2\/types\/page"}],"author":[{"embeddable":true,"href":"https:\/\/lostinfantasy.fr\/index.php\/wp-json\/wp\/v2\/users\/3"}],"replies":[{"embeddable":true,"href":"https:\/\/lostinfantasy.fr\/index.php\/wp-json\/wp\/v2\/comments?post=141"}],"version-history":[{"count":18,"href":"https:\/\/lostinfantasy.fr\/index.php\/wp-json\/wp\/v2\/pages\/141\/revisions"}],"predecessor-version":[{"id":445,"href":"https:\/\/lostinfantasy.fr\/index.php\/wp-json\/wp\/v2\/pages\/141\/revisions\/445"}],"wp:attachment":[{"href":"https:\/\/lostinfantasy.fr\/index.php\/wp-json\/wp\/v2\/media?parent=141"}],"curies":[{"name":"wp","href":"https:\/\/api.w.org\/{rel}","templated":true}]}}