{"id":227,"date":"2026-02-16T14:41:47","date_gmt":"2026-02-16T14:41:47","guid":{"rendered":"https:\/\/lostinfantasy.fr\/?page_id=227"},"modified":"2026-02-28T08:18:58","modified_gmt":"2026-02-28T08:18:58","slug":"les-auteurs","status":"publish","type":"page","link":"https:\/\/lostinfantasy.fr\/index.php\/les-auteurs\/","title":{"rendered":"LES AUTEURS"},"content":{"rendered":"\n<p>Tous deux passionn\u00e9s par les univers fantasy et particuli\u00e8rement par le monde de la SF, Emmanuel Guardiola et Olivier Gourdon se sont associ\u00e9s pour cr\u00e9er un monde pulp, dans la pure tradition du Val\u00e9rian de M\u00e9zi\u00e8res, un monde dimensionn\u00e9 pour l&rsquo;incongruit\u00e9 des rencontres interplan\u00e9taires et la d\u00e9mesure des personnages.<\/p>\n\n\n\n<figure class=\"wp-block-image size-large\"><img loading=\"lazy\" decoding=\"async\" width=\"1024\" height=\"80\" src=\"https:\/\/lostinfantasy.fr\/wp-content\/uploads\/2026\/02\/Separateur-horiz-7-1024x80.jpg\" alt=\"\" class=\"wp-image-22\" srcset=\"https:\/\/lostinfantasy.fr\/wp-content\/uploads\/2026\/02\/Separateur-horiz-7-1024x80.jpg 1024w, https:\/\/lostinfantasy.fr\/wp-content\/uploads\/2026\/02\/Separateur-horiz-7-300x23.jpg 300w, https:\/\/lostinfantasy.fr\/wp-content\/uploads\/2026\/02\/Separateur-horiz-7-768x60.jpg 768w, https:\/\/lostinfantasy.fr\/wp-content\/uploads\/2026\/02\/Separateur-horiz-7-1536x120.jpg 1536w, https:\/\/lostinfantasy.fr\/wp-content\/uploads\/2026\/02\/Separateur-horiz-7.jpg 1920w\" sizes=\"auto, (max-width: 1024px) 100vw, 1024px\" \/><\/figure>\n\n\n\n<h2 class=\"wp-block-heading\">Emmanuel Guardiola<\/h2>\n\n\n\n<ul class=\"wp-block-social-links is-layout-flex wp-block-social-links-is-layout-flex\"><li class=\"wp-social-link wp-social-link-instagram  wp-block-social-link\"><a href=\"https:\/\/www.instagram.com\/emmanuel_guardiola\/\" class=\"wp-block-social-link-anchor\"><svg width=\"24\" height=\"24\" viewBox=\"0 0 24 24\" version=\"1.1\" xmlns=\"http:\/\/www.w3.org\/2000\/svg\" aria-hidden=\"true\" focusable=\"false\"><path d=\"M12,4.622c2.403,0,2.688,0.009,3.637,0.052c0.877,0.04,1.354,0.187,1.671,0.31c0.42,0.163,0.72,0.358,1.035,0.673 c0.315,0.315,0.51,0.615,0.673,1.035c0.123,0.317,0.27,0.794,0.31,1.671c0.043,0.949,0.052,1.234,0.052,3.637 s-0.009,2.688-0.052,3.637c-0.04,0.877-0.187,1.354-0.31,1.671c-0.163,0.42-0.358,0.72-0.673,1.035 c-0.315,0.315-0.615,0.51-1.035,0.673c-0.317,0.123-0.794,0.27-1.671,0.31c-0.949,0.043-1.233,0.052-3.637,0.052 s-2.688-0.009-3.637-0.052c-0.877-0.04-1.354-0.187-1.671-0.31c-0.42-0.163-0.72-0.358-1.035-0.673 c-0.315-0.315-0.51-0.615-0.673-1.035c-0.123-0.317-0.27-0.794-0.31-1.671C4.631,14.688,4.622,14.403,4.622,12 s0.009-2.688,0.052-3.637c0.04-0.877,0.187-1.354,0.31-1.671c0.163-0.42,0.358-0.72,0.673-1.035 c0.315-0.315,0.615-0.51,1.035-0.673c0.317-0.123,0.794-0.27,1.671-0.31C9.312,4.631,9.597,4.622,12,4.622 M12,3 C9.556,3,9.249,3.01,8.289,3.054C7.331,3.098,6.677,3.25,6.105,3.472C5.513,3.702,5.011,4.01,4.511,4.511 c-0.5,0.5-0.808,1.002-1.038,1.594C3.25,6.677,3.098,7.331,3.054,8.289C3.01,9.249,3,9.556,3,12c0,2.444,0.01,2.751,0.054,3.711 c0.044,0.958,0.196,1.612,0.418,2.185c0.23,0.592,0.538,1.094,1.038,1.594c0.5,0.5,1.002,0.808,1.594,1.038 c0.572,0.222,1.227,0.375,2.185,0.418C9.249,20.99,9.556,21,12,21s2.751-0.01,3.711-0.054c0.958-0.044,1.612-0.196,2.185-0.418 c0.592-0.23,1.094-0.538,1.594-1.038c0.5-0.5,0.808-1.002,1.038-1.594c0.222-0.572,0.375-1.227,0.418-2.185 C20.99,14.751,21,14.444,21,12s-0.01-2.751-0.054-3.711c-0.044-0.958-0.196-1.612-0.418-2.185c-0.23-0.592-0.538-1.094-1.038-1.594 c-0.5-0.5-1.002-0.808-1.594-1.038c-0.572-0.222-1.227-0.375-2.185-0.418C14.751,3.01,14.444,3,12,3L12,3z M12,7.378 c-2.552,0-4.622,2.069-4.622,4.622S9.448,16.622,12,16.622s4.622-2.069,4.622-4.622S14.552,7.378,12,7.378z M12,15 c-1.657,0-3-1.343-3-3s1.343-3,3-3s3,1.343,3,3S13.657,15,12,15z M16.804,6.116c-0.596,0-1.08,0.484-1.08,1.08 s0.484,1.08,1.08,1.08c0.596,0,1.08-0.484,1.08-1.08S17.401,6.116,16.804,6.116z\"><\/path><\/svg><span class=\"wp-block-social-link-label screen-reader-text\">Instagram<\/span><\/a><\/li>\n\n<li class=\"wp-social-link wp-social-link-linkedin  wp-block-social-link\"><a href=\"https:\/\/www.linkedin.com\/in\/emmanuelguardiola\/\" class=\"wp-block-social-link-anchor\"><svg width=\"24\" height=\"24\" viewBox=\"0 0 24 24\" version=\"1.1\" xmlns=\"http:\/\/www.w3.org\/2000\/svg\" aria-hidden=\"true\" focusable=\"false\"><path d=\"M19.7,3H4.3C3.582,3,3,3.582,3,4.3v15.4C3,20.418,3.582,21,4.3,21h15.4c0.718,0,1.3-0.582,1.3-1.3V4.3 C21,3.582,20.418,3,19.7,3z M8.339,18.338H5.667v-8.59h2.672V18.338z M7.004,8.574c-0.857,0-1.549-0.694-1.549-1.548 c0-0.855,0.691-1.548,1.549-1.548c0.854,0,1.547,0.694,1.547,1.548C8.551,7.881,7.858,8.574,7.004,8.574z M18.339,18.338h-2.669 v-4.177c0-0.996-0.017-2.278-1.387-2.278c-1.389,0-1.601,1.086-1.601,2.206v4.249h-2.667v-8.59h2.559v1.174h0.037 c0.356-0.675,1.227-1.387,2.526-1.387c2.703,0,3.203,1.779,3.203,4.092V18.338z\"><\/path><\/svg><span class=\"wp-block-social-link-label screen-reader-text\">LinkedIn<\/span><\/a><\/li><\/ul>\n\n\n\n<div class=\"wp-block-media-text is-stacked-on-mobile\"><figure class=\"wp-block-media-text__media\"><img loading=\"lazy\" decoding=\"async\" width=\"392\" height=\"477\" src=\"https:\/\/lostinfantasy.fr\/wp-content\/uploads\/Portrait-Emmanuel-Guardiola.jpg\" alt=\"\" class=\"wp-image-248 size-full\" srcset=\"https:\/\/lostinfantasy.fr\/wp-content\/uploads\/Portrait-Emmanuel-Guardiola.jpg 392w, https:\/\/lostinfantasy.fr\/wp-content\/uploads\/Portrait-Emmanuel-Guardiola-247x300.jpg 247w\" sizes=\"auto, (max-width: 392px) 100vw, 392px\" \/><\/figure><div class=\"wp-block-media-text__content\">\n<p>Sc\u00e9nariste et game designer, Emmanuel Guardiola a contribu\u00e9 \u00e0 la cr\u00e9ation de nombreux jeux vid\u00e9o, dans des univers tels que ceux de <em>Dune<\/em>, <em>Far Cry<\/em>, <em>Splinter Cell<\/em> ou <em>Prince of Persia<\/em>. Il a obtenu plus d\u2019une dizaine de prix nationaux et internationaux, comme l\u2019<em>European Game for Change Award<\/em>. Professeur \u00e0 l&rsquo;Universit\u00e9 de Sciences Appliqu\u00e9es de Cologne, il m\u00e8ne des recherches sur l\u2019utilisation des jeux vid\u00e9o dans les domaines de la psychologie ou de l\u2019humanitaire. Il est l\u2019auteur du premier livre en langue fran\u00e7aise sur le Game Design, <em>\u00c9crire pour le jeu <\/em>(Dixit 2000).<\/p>\n<\/div><\/div>\n\n\n\n<figure class=\"wp-block-image size-large\"><img loading=\"lazy\" decoding=\"async\" width=\"1024\" height=\"80\" src=\"https:\/\/lostinfantasy.fr\/wp-content\/uploads\/2026\/02\/Separateur-horiz-7-1024x80.jpg\" alt=\"\" class=\"wp-image-22\" srcset=\"https:\/\/lostinfantasy.fr\/wp-content\/uploads\/2026\/02\/Separateur-horiz-7-1024x80.jpg 1024w, https:\/\/lostinfantasy.fr\/wp-content\/uploads\/2026\/02\/Separateur-horiz-7-300x23.jpg 300w, https:\/\/lostinfantasy.fr\/wp-content\/uploads\/2026\/02\/Separateur-horiz-7-768x60.jpg 768w, https:\/\/lostinfantasy.fr\/wp-content\/uploads\/2026\/02\/Separateur-horiz-7-1536x120.jpg 1536w, https:\/\/lostinfantasy.fr\/wp-content\/uploads\/2026\/02\/Separateur-horiz-7.jpg 1920w\" sizes=\"auto, (max-width: 1024px) 100vw, 1024px\" \/><\/figure>\n\n\n\n<h2 class=\"wp-block-heading\">Olivier Gourdon<\/h2>\n\n\n\n<ul class=\"wp-block-social-links is-layout-flex wp-block-social-links-is-layout-flex\"><li class=\"wp-social-link wp-social-link-behance  wp-block-social-link\"><a href=\"https:\/\/%20https:\/\/www.behance.net\/olivlugdun7595\" class=\"wp-block-social-link-anchor\"><svg width=\"24\" height=\"24\" viewBox=\"0 0 24 24\" version=\"1.1\" xmlns=\"http:\/\/www.w3.org\/2000\/svg\" aria-hidden=\"true\" focusable=\"false\"><path d=\"M7.799,5.698c0.589,0,1.12,0.051,1.606,0.156c0.482,0.102,0.894,0.273,1.241,0.507c0.344,0.235,0.612,0.546,0.804,0.938 c0.188,0.387,0.281,0.871,0.281,1.443c0,0.619-0.141,1.137-0.421,1.551c-0.284,0.413-0.7,0.751-1.255,1.014 c0.756,0.218,1.317,0.601,1.689,1.146c0.374,0.549,0.557,1.205,0.557,1.975c0,0.623-0.12,1.161-0.359,1.612 c-0.241,0.457-0.569,0.828-0.973,1.114c-0.408,0.288-0.876,0.5-1.399,0.637C9.052,17.931,8.514,18,7.963,18H2V5.698H7.799 M7.449,10.668c0.481,0,0.878-0.114,1.192-0.345c0.311-0.228,0.463-0.603,0.463-1.119c0-0.286-0.051-0.523-0.152-0.707 C8.848,8.315,8.711,8.171,8.536,8.07C8.362,7.966,8.166,7.894,7.94,7.854c-0.224-0.044-0.457-0.06-0.697-0.06H4.709v2.874H7.449z M7.6,15.905c0.267,0,0.521-0.024,0.759-0.077c0.243-0.053,0.457-0.137,0.637-0.261c0.182-0.12,0.332-0.283,0.441-0.491 C9.547,14.87,9.6,14.602,9.6,14.278c0-0.633-0.18-1.084-0.533-1.357c-0.356-0.27-0.83-0.404-1.413-0.404H4.709v3.388L7.6,15.905z M16.162,15.864c0.367,0.358,0.897,0.538,1.583,0.538c0.493,0,0.92-0.125,1.277-0.374c0.354-0.248,0.571-0.514,0.654-0.79h2.155 c-0.347,1.072-0.872,1.838-1.589,2.299C19.534,18,18.67,18.23,17.662,18.23c-0.701,0-1.332-0.113-1.899-0.337 c-0.567-0.227-1.041-0.544-1.439-0.958c-0.389-0.415-0.689-0.907-0.904-1.484c-0.213-0.574-0.32-1.21-0.32-1.899 c0-0.666,0.11-1.288,0.329-1.863c0.222-0.577,0.529-1.075,0.933-1.492c0.406-0.42,0.885-0.751,1.444-0.994 c0.558-0.241,1.175-0.363,1.857-0.363c0.754,0,1.414,0.145,1.98,0.44c0.563,0.291,1.026,0.686,1.389,1.181 c0.363,0.493,0.622,1.057,0.783,1.69c0.16,0.632,0.217,1.292,0.171,1.983h-6.428C15.557,14.84,15.795,15.506,16.162,15.864 M18.973,11.184c-0.291-0.321-0.783-0.496-1.384-0.496c-0.39,0-0.714,0.066-0.973,0.2c-0.254,0.132-0.461,0.297-0.621,0.491 c-0.157,0.197-0.265,0.405-0.328,0.628c-0.063,0.217-0.101,0.413-0.111,0.587h3.98C19.478,11.969,19.265,11.509,18.973,11.184z M15.057,7.738h4.985V6.524h-4.985L15.057,7.738z\"><\/path><\/svg><span class=\"wp-block-social-link-label screen-reader-text\">Behance<\/span><\/a><\/li>\n\n<li class=\"wp-social-link wp-social-link-instagram  wp-block-social-link\"><a href=\"https:\/\/www.instagram.com\/oliv_gourdon\/\" class=\"wp-block-social-link-anchor\"><svg width=\"24\" height=\"24\" viewBox=\"0 0 24 24\" version=\"1.1\" xmlns=\"http:\/\/www.w3.org\/2000\/svg\" aria-hidden=\"true\" focusable=\"false\"><path d=\"M12,4.622c2.403,0,2.688,0.009,3.637,0.052c0.877,0.04,1.354,0.187,1.671,0.31c0.42,0.163,0.72,0.358,1.035,0.673 c0.315,0.315,0.51,0.615,0.673,1.035c0.123,0.317,0.27,0.794,0.31,1.671c0.043,0.949,0.052,1.234,0.052,3.637 s-0.009,2.688-0.052,3.637c-0.04,0.877-0.187,1.354-0.31,1.671c-0.163,0.42-0.358,0.72-0.673,1.035 c-0.315,0.315-0.615,0.51-1.035,0.673c-0.317,0.123-0.794,0.27-1.671,0.31c-0.949,0.043-1.233,0.052-3.637,0.052 s-2.688-0.009-3.637-0.052c-0.877-0.04-1.354-0.187-1.671-0.31c-0.42-0.163-0.72-0.358-1.035-0.673 c-0.315-0.315-0.51-0.615-0.673-1.035c-0.123-0.317-0.27-0.794-0.31-1.671C4.631,14.688,4.622,14.403,4.622,12 s0.009-2.688,0.052-3.637c0.04-0.877,0.187-1.354,0.31-1.671c0.163-0.42,0.358-0.72,0.673-1.035 c0.315-0.315,0.615-0.51,1.035-0.673c0.317-0.123,0.794-0.27,1.671-0.31C9.312,4.631,9.597,4.622,12,4.622 M12,3 C9.556,3,9.249,3.01,8.289,3.054C7.331,3.098,6.677,3.25,6.105,3.472C5.513,3.702,5.011,4.01,4.511,4.511 c-0.5,0.5-0.808,1.002-1.038,1.594C3.25,6.677,3.098,7.331,3.054,8.289C3.01,9.249,3,9.556,3,12c0,2.444,0.01,2.751,0.054,3.711 c0.044,0.958,0.196,1.612,0.418,2.185c0.23,0.592,0.538,1.094,1.038,1.594c0.5,0.5,1.002,0.808,1.594,1.038 c0.572,0.222,1.227,0.375,2.185,0.418C9.249,20.99,9.556,21,12,21s2.751-0.01,3.711-0.054c0.958-0.044,1.612-0.196,2.185-0.418 c0.592-0.23,1.094-0.538,1.594-1.038c0.5-0.5,0.808-1.002,1.038-1.594c0.222-0.572,0.375-1.227,0.418-2.185 C20.99,14.751,21,14.444,21,12s-0.01-2.751-0.054-3.711c-0.044-0.958-0.196-1.612-0.418-2.185c-0.23-0.592-0.538-1.094-1.038-1.594 c-0.5-0.5-1.002-0.808-1.594-1.038c-0.572-0.222-1.227-0.375-2.185-0.418C14.751,3.01,14.444,3,12,3L12,3z M12,7.378 c-2.552,0-4.622,2.069-4.622,4.622S9.448,16.622,12,16.622s4.622-2.069,4.622-4.622S14.552,7.378,12,7.378z M12,15 c-1.657,0-3-1.343-3-3s1.343-3,3-3s3,1.343,3,3S13.657,15,12,15z M16.804,6.116c-0.596,0-1.08,0.484-1.08,1.08 s0.484,1.08,1.08,1.08c0.596,0,1.08-0.484,1.08-1.08S17.401,6.116,16.804,6.116z\"><\/path><\/svg><span class=\"wp-block-social-link-label screen-reader-text\">Instagram<\/span><\/a><\/li>\n\n<li class=\"wp-social-link wp-social-link-youtube  wp-block-social-link\"><a href=\"https:\/\/www.youtube.com\/watch?v=A5JNq8TRNts\" class=\"wp-block-social-link-anchor\"><svg width=\"24\" height=\"24\" viewBox=\"0 0 24 24\" version=\"1.1\" xmlns=\"http:\/\/www.w3.org\/2000\/svg\" aria-hidden=\"true\" focusable=\"false\"><path d=\"M21.8,8.001c0,0-0.195-1.378-0.795-1.985c-0.76-0.797-1.613-0.801-2.004-0.847c-2.799-0.202-6.997-0.202-6.997-0.202 h-0.009c0,0-4.198,0-6.997,0.202C4.608,5.216,3.756,5.22,2.995,6.016C2.395,6.623,2.2,8.001,2.2,8.001S2,9.62,2,11.238v1.517 c0,1.618,0.2,3.237,0.2,3.237s0.195,1.378,0.795,1.985c0.761,0.797,1.76,0.771,2.205,0.855c1.6,0.153,6.8,0.201,6.8,0.201 s4.203-0.006,7.001-0.209c0.391-0.047,1.243-0.051,2.004-0.847c0.6-0.607,0.795-1.985,0.795-1.985s0.2-1.618,0.2-3.237v-1.517 C22,9.62,21.8,8.001,21.8,8.001z M9.935,14.594l-0.001-5.62l5.404,2.82L9.935,14.594z\"><\/path><\/svg><span class=\"wp-block-social-link-label screen-reader-text\">YouTube<\/span><\/a><\/li>\n\n<li class=\"wp-social-link wp-social-link-facebook  wp-block-social-link\"><a href=\"https:\/\/www.facebook.com\/profile.php?id=100063628387580&#038;locale=fr_FR\" class=\"wp-block-social-link-anchor\"><svg width=\"24\" height=\"24\" viewBox=\"0 0 24 24\" version=\"1.1\" xmlns=\"http:\/\/www.w3.org\/2000\/svg\" aria-hidden=\"true\" focusable=\"false\"><path d=\"M12 2C6.5 2 2 6.5 2 12c0 5 3.7 9.1 8.4 9.9v-7H7.9V12h2.5V9.8c0-2.5 1.5-3.9 3.8-3.9 1.1 0 2.2.2 2.2.2v2.5h-1.3c-1.2 0-1.6.8-1.6 1.6V12h2.8l-.4 2.9h-2.3v7C18.3 21.1 22 17 22 12c0-5.5-4.5-10-10-10z\"><\/path><\/svg><span class=\"wp-block-social-link-label screen-reader-text\">Facebook<\/span><\/a><\/li>\n\n<li class=\"wp-social-link wp-social-link-linkedin  wp-block-social-link\"><a href=\"https:\/\/www.linkedin.com\/in\/olivier-gourdon-66727667\/\" class=\"wp-block-social-link-anchor\"><svg width=\"24\" height=\"24\" viewBox=\"0 0 24 24\" version=\"1.1\" xmlns=\"http:\/\/www.w3.org\/2000\/svg\" aria-hidden=\"true\" focusable=\"false\"><path d=\"M19.7,3H4.3C3.582,3,3,3.582,3,4.3v15.4C3,20.418,3.582,21,4.3,21h15.4c0.718,0,1.3-0.582,1.3-1.3V4.3 C21,3.582,20.418,3,19.7,3z M8.339,18.338H5.667v-8.59h2.672V18.338z M7.004,8.574c-0.857,0-1.549-0.694-1.549-1.548 c0-0.855,0.691-1.548,1.549-1.548c0.854,0,1.547,0.694,1.547,1.548C8.551,7.881,7.858,8.574,7.004,8.574z M18.339,18.338h-2.669 v-4.177c0-0.996-0.017-2.278-1.387-2.278c-1.389,0-1.601,1.086-1.601,2.206v4.249h-2.667v-8.59h2.559v1.174h0.037 c0.356-0.675,1.227-1.387,2.526-1.387c2.703,0,3.203,1.779,3.203,4.092V18.338z\"><\/path><\/svg><span class=\"wp-block-social-link-label screen-reader-text\">LinkedIn<\/span><\/a><\/li><\/ul>\n\n\n\n<div class=\"wp-block-media-text is-stacked-on-mobile\"><figure class=\"wp-block-media-text__media\"><img loading=\"lazy\" decoding=\"async\" width=\"783\" height=\"1024\" src=\"https:\/\/lostinfantasy.fr\/wp-content\/uploads\/Profil-RVB-OlivierGourdon-783x1024.jpg\" alt=\"\" class=\"wp-image-243 size-full\" srcset=\"https:\/\/lostinfantasy.fr\/wp-content\/uploads\/Profil-RVB-OlivierGourdon-783x1024.jpg 783w, https:\/\/lostinfantasy.fr\/wp-content\/uploads\/Profil-RVB-OlivierGourdon-229x300.jpg 229w, https:\/\/lostinfantasy.fr\/wp-content\/uploads\/Profil-RVB-OlivierGourdon-768x1005.jpg 768w, https:\/\/lostinfantasy.fr\/wp-content\/uploads\/Profil-RVB-OlivierGourdon-1174x1536.jpg 1174w, https:\/\/lostinfantasy.fr\/wp-content\/uploads\/Profil-RVB-OlivierGourdon.jpg 1435w\" sizes=\"auto, (max-width: 783px) 100vw, 783px\" \/><\/figure><div class=\"wp-block-media-text__content\">\n<p>Illustrateur et graphiste en agence de communication pendant plus de 25 ans, il d\u00e9marre par la r\u00e9daction de Lyon Mag&rsquo; et cr\u00e9\u00e9 les illustrations de trois recueils des \u00ab\u00a0Lyonnais c\u00e9l\u00e8bres\u00a0\u00bb. R\u00e9solument vers\u00e9 dans le monde de la SF, il devient freelance en 2021. Berc\u00e9 par les auteurs des Humano\u00efdes Associ\u00e9s, il explore diff\u00e9rents m\u00e9dium, mais il garde cependant une place pr\u00e9pond\u00e9rante pour le stylo bille et le digital painting. Avec un profil polyvalent et un parcours qui l\u2019emm\u00e8ne dans la reconstitution, le spectacle, les arts martiaux historiques, la musique, et sur les plateaux de Kaamelott, il oriente naturellement sa trajectoire freelance vers les milieux culturels et la transmission. Il participe notamment en 2024 au Festival de BD Quai des Bulles \u00e0 Saint Malo.<\/p>\n<\/div><\/div>\n\n\n\n<figure class=\"wp-block-image size-large\"><img loading=\"lazy\" decoding=\"async\" width=\"1024\" height=\"80\" src=\"https:\/\/lostinfantasy.fr\/wp-content\/uploads\/2026\/02\/Separateur-horiz-7-1024x80.jpg\" alt=\"\" class=\"wp-image-22\" srcset=\"https:\/\/lostinfantasy.fr\/wp-content\/uploads\/2026\/02\/Separateur-horiz-7-1024x80.jpg 1024w, https:\/\/lostinfantasy.fr\/wp-content\/uploads\/2026\/02\/Separateur-horiz-7-300x23.jpg 300w, https:\/\/lostinfantasy.fr\/wp-content\/uploads\/2026\/02\/Separateur-horiz-7-768x60.jpg 768w, https:\/\/lostinfantasy.fr\/wp-content\/uploads\/2026\/02\/Separateur-horiz-7-1536x120.jpg 1536w, https:\/\/lostinfantasy.fr\/wp-content\/uploads\/2026\/02\/Separateur-horiz-7.jpg 1920w\" sizes=\"auto, (max-width: 1024px) 100vw, 1024px\" \/><\/figure>\n","protected":false},"excerpt":{"rendered":"<p>Tous deux passionn\u00e9s par les univers fantasy et particuli\u00e8rement par le monde de la SF, Emmanuel Guardiola et Olivier Gourdon se sont associ\u00e9s pour cr\u00e9er un monde pulp, dans la pure tradition du Val\u00e9rian de M\u00e9zi\u00e8res, un monde dimensionn\u00e9 pour l&rsquo;incongruit\u00e9 des rencontres interplan\u00e9taires et la d\u00e9mesure des personnages. Emmanuel Guardiola Sc\u00e9nariste et game designer, [&hellip;]<\/p>\n","protected":false},"author":3,"featured_media":0,"parent":0,"menu_order":0,"comment_status":"closed","ping_status":"closed","template":"","meta":{"footnotes":""},"class_list":["post-227","page","type-page","status-publish","hentry"],"jetpack_sharing_enabled":true,"_links":{"self":[{"href":"https:\/\/lostinfantasy.fr\/index.php\/wp-json\/wp\/v2\/pages\/227","targetHints":{"allow":["GET"]}}],"collection":[{"href":"https:\/\/lostinfantasy.fr\/index.php\/wp-json\/wp\/v2\/pages"}],"about":[{"href":"https:\/\/lostinfantasy.fr\/index.php\/wp-json\/wp\/v2\/types\/page"}],"author":[{"embeddable":true,"href":"https:\/\/lostinfantasy.fr\/index.php\/wp-json\/wp\/v2\/users\/3"}],"replies":[{"embeddable":true,"href":"https:\/\/lostinfantasy.fr\/index.php\/wp-json\/wp\/v2\/comments?post=227"}],"version-history":[{"count":21,"href":"https:\/\/lostinfantasy.fr\/index.php\/wp-json\/wp\/v2\/pages\/227\/revisions"}],"predecessor-version":[{"id":498,"href":"https:\/\/lostinfantasy.fr\/index.php\/wp-json\/wp\/v2\/pages\/227\/revisions\/498"}],"wp:attachment":[{"href":"https:\/\/lostinfantasy.fr\/index.php\/wp-json\/wp\/v2\/media?parent=227"}],"curies":[{"name":"wp","href":"https:\/\/api.w.org\/{rel}","templated":true}]}}