{"id":235,"date":"2026-02-16T14:50:54","date_gmt":"2026-02-16T14:50:54","guid":{"rendered":"https:\/\/lostinfantasy.fr\/?page_id=235"},"modified":"2026-02-16T14:50:54","modified_gmt":"2026-02-16T14:50:54","slug":"mentions-legales-et-confidentialite","status":"publish","type":"page","link":"https:\/\/lostinfantasy.fr\/index.php\/mentions-legales-et-confidentialite\/","title":{"rendered":"Mentions l\u00e9gales et confidentialit\u00e9"},"content":{"rendered":"\n<p>Conform\u00e9ment aux dispositions de la loi n\u00b0 2004-575 du 21 juin 2004 pour la confiance dans l\u2019\u00e9conomie num\u00e9rique (LCEN) et au R\u00e8glement (UE) 2016\/679 (RGPD).<\/p>\n\n\n\n<h2 class=\"wp-block-heading\"><strong>Propri\u00e9t\u00e9 intellectuelle<\/strong><\/h2>\n\n\n\n<p>Tous les contenus pr\u00e9sents sur le site Lost in Fantasy sont prot\u00e9g\u00e9s par le droit d\u2019auteur au sens du Code de la propri\u00e9t\u00e9 intellectuelle. Toute reproduction ou diffusion sans autorisation est interdite.<\/p>\n\n\n\n<h2 class=\"wp-block-heading\"><strong>Responsabilit\u00e9<\/strong><\/h2>\n\n\n\n<p>L\u2019\u00e9diteur ne saurait \u00eatre tenu responsable d\u2019une mauvaise utilisation des contenus du site. Le site pr\u00e9sente une \u0153uvre de fiction.<\/p>\n\n\n\n<h2 class=\"wp-block-heading\"><strong>Donn\u00e9es personnelles<\/strong><\/h2>\n\n\n\n<p>Aucune donn\u00e9e personnelle n\u2019est collect\u00e9e sans le consentement de l\u2019utilisateur. Les donn\u00e9es \u00e9ventuellement transmises sont utilis\u00e9es exclusivement pour r\u00e9pondre aux demandes et ne font l\u2019objet d\u2019aucune cession \u00e0 des tiers.<\/p>\n\n\n\n<h2 class=\"wp-block-heading\"><strong>Exercice des droits<\/strong><\/h2>\n\n\n\n<p>Conform\u00e9ment au RGPD, tout utilisateur dispose d\u2019un droit d\u2019acc\u00e8s, de rectification, d\u2019effacement et d\u2019opposition. Ces droits peuvent \u00eatre exerc\u00e9s par simple demande \u00e0 : [adresse e-mail].<\/p>\n\n\n\n<h2 class=\"wp-block-heading\">Contenu embarqu\u00e9 depuis d\u2019autres sites<\/h2>\n\n\n\n<p>Les articles de ce site peuvent inclure des contenus int\u00e9gr\u00e9s (par exemple des vid\u00e9os, images, articles\u2026). Le contenu int\u00e9gr\u00e9 depuis d\u2019autres sites se comporte de la m\u00eame mani\u00e8re que si le visiteur se rendait sur cet autre site.<\/p>\n\n\n\n<p>Ces sites web pourraient collecter des donn\u00e9es sur vous, utiliser des cookies, embarquer des outils de suivis tiers, suivre vos interactions avec ces contenus embarqu\u00e9s si vous disposez d\u2019un compte connect\u00e9 sur leur site web.<\/p>\n\n\n\n<figure class=\"wp-block-image size-large\"><img decoding=\"async\" src=\"http:\/\/lostinfantasy.local\/wp-content\/uploads\/2026\/02\/Separateur-horiz-6-2-1024x80.jpg\" alt=\"\" class=\"wp-image-577\"\/><\/figure>\n","protected":false},"excerpt":{"rendered":"<p>Conform\u00e9ment aux dispositions de la loi n\u00b0 2004-575 du 21 juin 2004 pour la confiance dans l\u2019\u00e9conomie num\u00e9rique (LCEN) et au R\u00e8glement (UE) 2016\/679 (RGPD). Propri\u00e9t\u00e9 intellectuelle Tous les contenus pr\u00e9sents sur le site Lost in Fantasy sont prot\u00e9g\u00e9s par le droit d\u2019auteur au sens du Code de la propri\u00e9t\u00e9 intellectuelle. Toute reproduction ou diffusion [&hellip;]<\/p>\n","protected":false},"author":3,"featured_media":0,"parent":0,"menu_order":0,"comment_status":"closed","ping_status":"closed","template":"","meta":{"footnotes":""},"class_list":["post-235","page","type-page","status-publish","hentry"],"jetpack_sharing_enabled":true,"_links":{"self":[{"href":"https:\/\/lostinfantasy.fr\/index.php\/wp-json\/wp\/v2\/pages\/235","targetHints":{"allow":["GET"]}}],"collection":[{"href":"https:\/\/lostinfantasy.fr\/index.php\/wp-json\/wp\/v2\/pages"}],"about":[{"href":"https:\/\/lostinfantasy.fr\/index.php\/wp-json\/wp\/v2\/types\/page"}],"author":[{"embeddable":true,"href":"https:\/\/lostinfantasy.fr\/index.php\/wp-json\/wp\/v2\/users\/3"}],"replies":[{"embeddable":true,"href":"https:\/\/lostinfantasy.fr\/index.php\/wp-json\/wp\/v2\/comments?post=235"}],"version-history":[{"count":1,"href":"https:\/\/lostinfantasy.fr\/index.php\/wp-json\/wp\/v2\/pages\/235\/revisions"}],"predecessor-version":[{"id":236,"href":"https:\/\/lostinfantasy.fr\/index.php\/wp-json\/wp\/v2\/pages\/235\/revisions\/236"}],"wp:attachment":[{"href":"https:\/\/lostinfantasy.fr\/index.php\/wp-json\/wp\/v2\/media?parent=235"}],"curies":[{"name":"wp","href":"https:\/\/api.w.org\/{rel}","templated":true}]}}